{"id":15,"date":"2025-01-12T11:07:42","date_gmt":"2025-01-12T11:07:42","guid":{"rendered":"https:\/\/coolfitness.eu\/cart\/"},"modified":"2025-01-20T14:49:36","modified_gmt":"2025-01-20T14:49:36","slug":"cart","status":"publish","type":"page","link":"https:\/\/coolfitness.eu\/de\/cart\/","title":{"rendered":"Wagen"},"content":{"rendered":"<div data-elementor-type=\"wp-page\" data-elementor-id=\"15\" class=\"elementor elementor-15\" data-elementor-post-type=\"page\">\n\t\t\t\t<div class=\"elementor-element elementor-element-57205f4 e-con-full e-flex e-con e-parent\" data-id=\"57205f4\" data-element_type=\"container\" data-e-type=\"container\" data-settings=\"{&quot;background_background&quot;:&quot;classic&quot;,&quot;ekit_has_onepagescroll_dot&quot;:&quot;yes&quot;}\">\n\t\t\t\t<\/div>\n\t\t<div class=\"elementor-element elementor-element-15b0b1c e-con-full e-flex e-con e-parent\" data-id=\"15b0b1c\" data-element_type=\"container\" data-e-type=\"container\" data-settings=\"{&quot;background_background&quot;:&quot;classic&quot;,&quot;ekit_has_onepagescroll_dot&quot;:&quot;yes&quot;}\">\n\t\t\t\t<\/div>\n\t\t\t\t<\/div>","protected":false},"excerpt":{"rendered":"<p>Der Artikel \"Skakanka dla Dzieci - R\u00f3\u017cowa\" ist leider nicht auf Lager. Bitte bearbeiten Sie Ihren Warenkorb und versuchen Sie es erneut. Wir entschuldigen uns f\u00fcr die entstandenen Unannehmlichkeiten. Artikel entfernen Vorschaubild Produkt Preis Menge Zwischensumme \u00d7 Skakanka dla Dzieci - Turkusowa 59,90 z\u0142 Skakanka dla Dzieci - Turkusowa Menge 59,90 z\u0142 \u00d7 Skakanka dla Dzieci - R\u00f3\u017cowa 59,90 z\u0142 Skakanka dla Dzieci [...]<\/p>","protected":false},"author":1,"featured_media":0,"parent":0,"menu_order":0,"comment_status":"closed","ping_status":"closed","template":"","meta":{"iawp_total_views":126,"footnotes":""},"class_list":["post-15","page","type-page","status-publish","hentry"],"aioseo_notices":[],"jetpack_sharing_enabled":true,"_links":{"self":[{"href":"https:\/\/coolfitness.eu\/de\/wp-json\/wp\/v2\/pages\/15","targetHints":{"allow":["GET"]}}],"collection":[{"href":"https:\/\/coolfitness.eu\/de\/wp-json\/wp\/v2\/pages"}],"about":[{"href":"https:\/\/coolfitness.eu\/de\/wp-json\/wp\/v2\/types\/page"}],"author":[{"embeddable":true,"href":"https:\/\/coolfitness.eu\/de\/wp-json\/wp\/v2\/users\/1"}],"replies":[{"embeddable":true,"href":"https:\/\/coolfitness.eu\/de\/wp-json\/wp\/v2\/comments?post=15"}],"version-history":[{"count":66,"href":"https:\/\/coolfitness.eu\/de\/wp-json\/wp\/v2\/pages\/15\/revisions"}],"predecessor-version":[{"id":17772,"href":"https:\/\/coolfitness.eu\/de\/wp-json\/wp\/v2\/pages\/15\/revisions\/17772"}],"wp:attachment":[{"href":"https:\/\/coolfitness.eu\/de\/wp-json\/wp\/v2\/media?parent=15"}],"curies":[{"name":"wp","href":"https:\/\/api.w.org\/{rel}","templated":true}]}}