{"id":17911,"date":"2025-01-23T17:42:58","date_gmt":"2025-01-23T17:42:58","guid":{"rendered":"https:\/\/coolfitness.eu\/?page_id=17911"},"modified":"2025-01-23T18:00:39","modified_gmt":"2025-01-23T18:00:39","slug":"terms","status":"publish","type":"page","link":"https:\/\/coolfitness.eu\/de\/terms\/","title":{"rendered":"Bedingungen"},"content":{"rendered":"<div data-elementor-type=\"wp-page\" data-elementor-id=\"17911\" class=\"elementor elementor-17911\" data-elementor-post-type=\"page\">\n\t\t\t\t<div class=\"elementor-element elementor-element-6bbc677 e-flex e-con-boxed e-con e-parent\" data-id=\"6bbc677\" data-element_type=\"container\" data-settings=\"{&quot;ekit_has_onepagescroll_dot&quot;:&quot;yes&quot;}\">\n\t\t\t\t\t<div class=\"e-con-inner\">\n\t\t\t\t<div class=\"elementor-element elementor-element-57fbf30 elementor-widget elementor-widget-heading\" data-id=\"57fbf30\" data-element_type=\"widget\" data-settings=\"{&quot;ekit_we_effect_on&quot;:&quot;none&quot;}\" data-widget_type=\"heading.default\">\n\t\t\t\t<div class=\"elementor-widget-container\">\n\t\t\t\t\t<h2 class=\"elementor-heading-title elementor-size-default\">Laufzeit &amp; Bedingungen<\/h2>\t\t\t\t<\/div>\n\t\t\t\t<\/div>\n\t\t\t\t<div class=\"elementor-element elementor-element-c7b2583 elementor-widget elementor-widget-text-editor\" data-id=\"c7b2583\" data-element_type=\"widget\" data-settings=\"{&quot;ekit_we_effect_on&quot;:&quot;none&quot;}\" data-widget_type=\"text-editor.default\">\n\t\t\t\t<div class=\"elementor-widget-container\">\n\t\t\t\t\t\t\t\t\t<ol start=\"1\" data-spread=\"false\" data-pm-slice=\"3 3 []\"><li><p>ALLGEMEINE BESTIMMUNGEN Der Online-Store <a>www.coolfitness.eu<\/a>\u00a0arbeitet nach den in diesen Gesch\u00e4ftsbedingungen festgelegten Bedingungen. In diesen Gesch\u00e4ftsbedingungen werden die Bedingungen f\u00fcr den Abschluss und die Beendigung von Kaufvertr\u00e4gen, das Beschwerdeverfahren sowie die Art und der Umfang der vom Shop elektronisch erbrachten Dienstleistungen festgelegt <a>www.coolfitness.eu<\/a>die Regeln f\u00fcr die Erbringung dieser Dienstleistungen, die Bedingungen f\u00fcr den Abschluss und die Beendigung von Vertr\u00e4gen \u00fcber die Erbringung von elektronischen Dienstleistungen. Jeder Dienstleistungsempf\u00e4nger, der Aktivit\u00e4ten zur Nutzung der elektronischen Dienstleistungen des Shops unternimmt <a>www.coolfitness.eu<\/a>ist verpflichtet, die Bestimmungen dieser Bedingungen einzuhalten. In Angelegenheiten, die in diesen Bedingungen nicht geregelt sind, gelten die Bestimmungen der folgenden Gesetze:<\/p><\/li><\/ol><ul data-spread=\"false\"><li><p>das Gesetz \u00fcber die Erbringung von elektronischen Dienstleistungen vom 18. Juli 2002,<\/p><\/li><li><p>das Gesetz \u00fcber die Rechte der Verbraucher vom 30. Mai 2014,<\/p><\/li><li><p>das Gesetz zur au\u00dfergerichtlichen Beilegung von Verbraucherrechtsstreitigkeiten vom 23. September 2016,<\/p><\/li><li><p>das Gesetz \u00fcber das Zivilgesetzbuch vom 23. April 1964 und andere einschl\u00e4gige Bestimmungen des polnischen Rechts.<\/p><\/li><\/ul><ol start=\"2\" data-spread=\"true\"><li><p>DEFINITIONEN BESTELLFORMULAR - ein auf der Website verf\u00fcgbares Formular <a>www.coolfitness.eu<\/a>\u00a0die die Erteilung eines Auftrags erm\u00f6glichen. KUNDE - ein Dienstleistungsempf\u00e4nger, der beabsichtigt, einen Kaufvertrag mit dem Verk\u00e4ufer abzuschlie\u00dfen oder einen solchen abgeschlossen hat. VERBRAUCHER - eine nat\u00fcrliche Person, die eine Rechtshandlung mit einem Unternehmer vornimmt, die nicht direkt mit seiner gesch\u00e4ftlichen oder beruflichen T\u00e4tigkeit zusammenh\u00e4ngt. UNTERNEHMER - eine nat\u00fcrliche Person, eine juristische Person und eine organisatorische Einheit ohne Rechtspers\u00f6nlichkeit, der das Gesetz die Rechtsf\u00e4higkeit verleiht, die eine gesch\u00e4ftliche oder berufliche T\u00e4tigkeit im eigenen Namen aus\u00fcbt. PRODUKT - ein beweglicher Artikel, der im Shop verf\u00fcgbar ist und Gegenstand eines Kaufvertrags zwischen dem Kunden und dem Verk\u00e4ufer ist. ALLGEMEINE GESCH\u00c4FTSBEDINGUNGEN - die vorliegenden Allgemeinen Gesch\u00e4ftsbedingungen des Stores. STORE - der Online-Shop des Service Providers, der unter folgender Adresse betrieben wird <a>www.coolfitness.eu<\/a>. VERK\u00c4UFER, SERVICEANBIETER - Konrad Wi\u015bniewski FITDOG, Wolno\u015bci 21, 59-830 Olszyna, Polen, NIP: 6131579156. VERKAUFSVERTRAG - ein Kaufvertrag \u00fcber das Produkt, der zwischen dem Kunden und dem Verk\u00e4ufer \u00fcber den Shop abgeschlossen wird. BESTELLUNG - eine Willenserkl\u00e4rung des Kunden, die ein Angebot zum Abschluss eines Kaufvertrags \u00fcber das Produkt mit dem Verk\u00e4ufer darstellt. PREIS - der in Geldeinheiten ausgedr\u00fcckte Wert, den der Kunde verpflichtet ist, dem Verk\u00e4ufer f\u00fcr das Produkt zu zahlen.<\/p><\/li><li><p>PRODUKTINFORMATIONEN UND BESTELLUNG Das Gesch\u00e4ft <a>www.coolfitness.eu\u00a0<\/a>\u00a0vertreibt Produkte \u00fcber das Internet. Die im Shop angebotenen Produkte sind neu, vertragskonform und wurden legal auf dem europ\u00e4ischen Markt eingef\u00fchrt. Die auf der Website des Shops bereitgestellten Informationen stellen kein Angebot im Sinne des Gesetzes dar. Mit einer Bestellung gibt der Kunde ein Angebot zum Kauf eines bestimmten Produkts zu den in seiner Beschreibung angegebenen Bedingungen ab. Der auf der Website des Shops angegebene Produktpreis ist in Euro (EUR) angegeben und umfasst alle Komponenten. Der Preis beinhaltet nicht die Versandkosten. Bestellungen k\u00f6nnen \u00fcber die Website mittels des Bestellformulars (Store <a>www.coolfitness.eu<\/a>) - 24 Stunden am Tag, das ganze Jahr \u00fcber. Eine Bedingung f\u00fcr die Aufgabe einer Bestellung im Shop durch den Kunden ist das Lesen und Akzeptieren der Allgemeinen Gesch\u00e4ftsbedingungen w\u00e4hrend der Aufgabe der Bestellung.<\/p><\/li><li><p>ABSCHLUSS DES VERKAUFSVERTRAGS Zum Abschluss eines Kaufvertrags ist die vorherige \u00dcbermittlung einer Bestellung durch den Kunden auf dem vom Verk\u00e4ufer vorgesehenen Weg gem\u00e4\u00df \u00a7 3 Punkte 5 und 6 der Allgemeinen Gesch\u00e4ftsbedingungen erforderlich. Nach Abgabe der Bestellung best\u00e4tigt der Verk\u00e4ufer unverz\u00fcglich den Eingang der Bestellung. Die Best\u00e4tigung des Eingangs der Bestellung f\u00fchrt dazu, dass der Kunde an seine Bestellung gebunden ist. Die Zugangsbest\u00e4tigung wird per E-Mail versandt. Die Eingangsbest\u00e4tigung der Bestellung enth\u00e4lt:<\/p><\/li><\/ol><ul data-spread=\"false\"><li><p>Best\u00e4tigung aller wesentlichen Elemente des Auftrags,<\/p><\/li><li><p>ein Widerrufsformular,<\/p><\/li><li><p>diese Allgemeinen Gesch\u00e4ftsbedingungen, die Informationen \u00fcber das Recht auf R\u00fccktritt vom Vertrag enthalten. Mit Erhalt der E-Mail ist der Kaufvertrag zwischen dem Kunden und dem Verk\u00e4ufer geschlossen. Jeder Kaufvertrag wird durch einen dem Produkt beigef\u00fcgten Kaufbeleg best\u00e4tigt.<\/p><\/li><\/ul><ol start=\"5\" data-spread=\"false\"><li><p>ZAHLUNGSMETHODEN Der Verk\u00e4ufer bietet die folgenden Zahlungsm\u00f6glichkeiten an:<\/p><\/li><\/ol><ul data-spread=\"false\"><li><p>Zahlung mit Kreditkarte,<\/p><\/li><li><p>PayPal. Der Kunde ist verpflichtet, die Zahlung innerhalb von 30 Werktagen ab dem Datum des Abschlusses des Kaufvertrags zu leisten, sofern nicht anders angegeben. Das Produkt wird erst nach erfolgter Zahlung versandt.<\/p><\/li><\/ul><ol start=\"6\" data-spread=\"false\"><li><p>VERSANDKOSTEN, LIEFERZEIT UND -METHODEN Die Versandkosten f\u00fcr das Produkt, die vom Kunden zu tragen sind, werden w\u00e4hrend des Bestellvorgangs festgelegt. Die Lieferzeit setzt sich aus der Vorbereitungszeit f\u00fcr das Produkt und der Lieferfrist zusammen:<\/p><\/li><\/ol><ul data-spread=\"false\"><li><p>Die Produktvorbereitung dauert bis zu 14 Arbeitstage,<\/p><\/li><li><p>Lieferung innerhalb von 4-5 Werktagen. Die Produkte werden in Deutschland, Belgien, Frankreich, Spanien, den Niederlanden, Luxemburg, Portugal und Italien per InPost in Paketk\u00e4sten und in Deutschland zus\u00e4tzlich per DHL-Kurier verschickt. Die Versandkosten betragen 5,90 EUR.<\/p><\/li><\/ul><ol start=\"7\" data-spread=\"true\"><li><p>R\u00dcCKGABE Die Kosten f\u00fcr die R\u00fccksendung gehen zu Lasten des Kunden. Garantien k\u00f6nnen in englischer Sprache gegeben werden.<\/p><\/li><li><p>REKLAMATIONSVERFAHREN Der Verk\u00e4ufer haftet gegen\u00fcber dem Verbraucher f\u00fcr die Nicht\u00fcbereinstimmung des Produkts mit dem Vertrag innerhalb von 2 Jahren ab dem Datum der Lieferung. Reklamationen k\u00f6nnen per E-Mail eingereicht werden an <a>returns@coolfitness.eu<\/a> oder schriftlich an Konrad Wi\u015bniewski, Wolno\u015bci 21, 59-830 Olszyna, Polen. Der Verk\u00e4ufer muss innerhalb von 14 Tagen auf die Beschwerde reagieren.<\/p><\/li><\/ol>\t\t\t\t\t\t\t\t<\/div>\n\t\t\t\t<\/div>\n\t\t\t\t\t<\/div>\n\t\t\t\t<\/div>\n\t\t\t\t<\/div>","protected":false},"excerpt":{"rendered":"<p>ALLGEMEINE BESTIMMUNGEN Der Online-Shop www.coolfitness.eu funktioniert unter den Bedingungen, die in diesen Allgemeinen Gesch\u00e4ftsbedingungen festgelegt sind. In diesen Gesch\u00e4ftsbedingungen werden die Bedingungen f\u00fcr den Abschluss und die Beendigung von Kaufvertr\u00e4gen, das Beschwerdeverfahren, die Art und der Umfang der vom Shop www.coolfitness.eu elektronisch erbrachten Dienstleistungen, die Regeln f\u00fcr die Erbringung dieser Dienstleistungen, die Bedingungen [...]<\/p>","protected":false},"author":1,"featured_media":0,"parent":0,"menu_order":0,"comment_status":"closed","ping_status":"closed","template":"","meta":{"iawp_total_views":26,"footnotes":""},"class_list":["post-17911","page","type-page","status-publish","hentry"],"aioseo_notices":[],"jetpack_sharing_enabled":true,"_links":{"self":[{"href":"https:\/\/coolfitness.eu\/de\/wp-json\/wp\/v2\/pages\/17911","targetHints":{"allow":["GET"]}}],"collection":[{"href":"https:\/\/coolfitness.eu\/de\/wp-json\/wp\/v2\/pages"}],"about":[{"href":"https:\/\/coolfitness.eu\/de\/wp-json\/wp\/v2\/types\/page"}],"author":[{"embeddable":true,"href":"https:\/\/coolfitness.eu\/de\/wp-json\/wp\/v2\/users\/1"}],"replies":[{"embeddable":true,"href":"https:\/\/coolfitness.eu\/de\/wp-json\/wp\/v2\/comments?post=17911"}],"version-history":[{"count":10,"href":"https:\/\/coolfitness.eu\/de\/wp-json\/wp\/v2\/pages\/17911\/revisions"}],"predecessor-version":[{"id":17921,"href":"https:\/\/coolfitness.eu\/de\/wp-json\/wp\/v2\/pages\/17911\/revisions\/17921"}],"wp:attachment":[{"href":"https:\/\/coolfitness.eu\/de\/wp-json\/wp\/v2\/media?parent=17911"}],"curies":[{"name":"wp","href":"https:\/\/api.w.org\/{rel}","templated":true}]}}