{"id":3,"date":"2025-01-12T11:02:07","date_gmt":"2025-01-12T11:02:07","guid":{"rendered":"http:\/\/coolfitness.eu\/?page_id=3"},"modified":"2025-01-23T18:00:49","modified_gmt":"2025-01-23T18:00:49","slug":"privacy-policy","status":"publish","type":"page","link":"https:\/\/coolfitness.eu\/de\/privacy-policy\/","title":{"rendered":"Datenschutzbestimmungen"},"content":{"rendered":"<div data-elementor-type=\"wp-page\" data-elementor-id=\"3\" class=\"elementor elementor-3\" data-elementor-post-type=\"page\">\n\t\t\t\t<div class=\"elementor-element elementor-element-c921b93 e-flex e-con-boxed e-con e-parent\" data-id=\"c921b93\" data-element_type=\"container\" data-e-type=\"container\" data-settings=\"{&quot;ekit_has_onepagescroll_dot&quot;:&quot;yes&quot;}\">\n\t\t\t\t\t<div class=\"e-con-inner\">\n\t\t\t\t<div class=\"elementor-element elementor-element-0c01d4f elementor-widget elementor-widget-heading\" data-id=\"0c01d4f\" data-element_type=\"widget\" data-e-type=\"widget\" data-settings=\"{&quot;ekit_we_effect_on&quot;:&quot;none&quot;}\" data-widget_type=\"heading.default\">\n\t\t\t\t<div class=\"elementor-widget-container\">\n\t\t\t\t\t<h2 class=\"elementor-heading-title elementor-size-default\">Datenschutzbestimmungen<\/h2>\t\t\t\t<\/div>\n\t\t\t\t<\/div>\n\t\t\t\t<div class=\"elementor-element elementor-element-cd6ce41 elementor-widget elementor-widget-text-editor\" data-id=\"cd6ce41\" data-element_type=\"widget\" data-e-type=\"widget\" data-settings=\"{&quot;ekit_we_effect_on&quot;:&quot;none&quot;}\" data-widget_type=\"text-editor.default\">\n\t\t\t\t<div class=\"elementor-widget-container\">\n\t\t\t\t\t\t\t\t\t<ol start=\"1\" data-spread=\"false\" data-pm-slice=\"3 3 []\"><li><p><strong>1. Allgemeine Informationen<\/strong><\/p><p>Diese Datenschutzerkl\u00e4rung beschreibt, wie Konrad Wi\u015bniewski FITDOG mit Sitz in Wolno\u015bci 21, 59-830 Olszyna, Polen, personenbezogene Daten von Nutzern, die unsere Website (coolfitness.eu) besuchen, sammelt, nutzt und sch\u00fctzt. Wir verpflichten uns, die Privatsph\u00e4re und die Sicherheit Ihrer personenbezogenen Daten in \u00dcbereinstimmung mit der Allgemeinen Datenschutzverordnung (GDPR) und anderen geltenden EU-Datenschutzgesetzen zu gew\u00e4hrleisten.<\/p><p><strong>2. Data Controller<\/strong><\/p><p>Der f\u00fcr die Verarbeitung Ihrer personenbezogenen Daten Verantwortliche ist:<\/p><p>Konrad Wi\u015bniewski FITDOG<br \/>Wolno\u015bci 21, 59-830 Olszyna, Polen<br \/>E-Mail: <a>info@coolfitness.eu<\/a><br \/>Telefon: +48 794 332 294<\/p><p><strong>3. Arten der gesammelten Daten<\/strong><\/p><p>Wir k\u00f6nnen die folgenden Arten von personenbezogenen Daten erfassen:<\/p><ul data-spread=\"false\"><li><p>Vollst\u00e4ndiger Name<\/p><\/li><li><p>E-Mail Adresse<\/p><\/li><li><p>Rufnummer<\/p><\/li><li><p>Informationen zur Rechnungsstellung und Zahlung<\/p><\/li><li><p>IP-Adresse<\/p><\/li><li><p>Informationen im Zusammenhang mit Ihren Bestellungen und Abonnements<\/p><\/li><\/ul><p><strong>4. Zwecke der Verarbeitung<\/strong><\/p><p>Ihre personenbezogenen Daten werden f\u00fcr die folgenden Zwecke verarbeitet:<\/p><ul data-spread=\"false\"><li><p>Bearbeitung von Auftr\u00e4gen und Zahlungen<\/p><\/li><li><p>Verwaltung von Kundenkonten und Dienstleistungen<\/p><\/li><li><p>Bereitstellung technischer Unterst\u00fctzung<\/p><\/li><li><p>Versand von Benachrichtigungen \u00fcber die Verl\u00e4ngerung von Abonnements<\/p><\/li><li><p>Einhaltung der rechtlichen Verpflichtungen<\/p><\/li><\/ul><p><strong>5. Rechtsgrundlage f\u00fcr die Verarbeitung<\/strong><\/p><p>Wir verarbeiten Ihre personenbezogenen Daten auf der Grundlage der folgenden Rechtsgrundlagen:<\/p><ul data-spread=\"false\"><li><p>Erf\u00fcllung eines Vertrags (Artikel 6 Absatz 1 Buchstabe b DSGVO)<\/p><\/li><li><p>Einhaltung rechtlicher Verpflichtungen (Artikel 6 Absatz 1 Buchstabe c DSGVO)<\/p><\/li><li><p>Berechtigte Interessen (Artikel 6 Absatz 1 Buchstabe f der DSGVO)<\/p><\/li><li><p>Ihre Einwilligung (Artikel 6 Absatz 1 Buchstabe a) DSGVO)<\/p><\/li><\/ul><p><strong>6. Vorratsdatenspeicherung<\/strong><\/p><p>Ihre personenbezogenen Daten werden bis zu einem Jahr nach Beendigung des Dienstes gespeichert, es sei denn, eine l\u00e4ngere Aufbewahrungsfrist ist gesetzlich vorgeschrieben.<\/p><p><strong>7. Gemeinsame Nutzung von Daten<\/strong><\/p><p>Wir k\u00f6nnen Ihre personenbezogenen Daten an die folgenden Dritten weitergeben:<\/p><ul data-spread=\"false\"><li><p>Zahlungsdienstleister (PayPal, Przelewy24, BLIK, Google Pay, Apple Pay)<\/p><\/li><li><p>Hosting-Dienstleister (Hostinger)<\/p><\/li><li><p>Rechts- und Aufsichtsbeh\u00f6rden, wenn dies gesetzlich vorgeschrieben ist<\/p><\/li><\/ul><p><strong>8. Deine Rechte<\/strong><\/p><p>Nach der Datenschutz-Grundverordnung haben Sie die folgenden Rechte:<\/p><ul data-spread=\"false\"><li><p>Das Recht auf Zugang zu Ihren Daten<\/p><\/li><li><p>Das Recht auf Berichtigung unrichtiger oder unvollst\u00e4ndiger Daten<\/p><\/li><li><p>Das Recht auf L\u00f6schung Ihrer Daten (Recht auf Vergessenwerden)<\/p><\/li><li><p>Das Recht auf Einschr\u00e4nkung der Verarbeitung<\/p><\/li><li><p>Das Recht auf Daten\u00fcbertragbarkeit<\/p><\/li><li><p>Das Recht auf Widerspruch gegen die Verarbeitung<\/p><\/li><li><p>Das Recht, eine Beschwerde bei einer Aufsichtsbeh\u00f6rde einzureichen<\/p><\/li><\/ul><p><strong>9. Sicherheitsma\u00dfnahmen<\/strong><\/p><p>Wir setzen geeignete technische und organisatorische Ma\u00dfnahmen ein, um Ihre Daten vor unberechtigtem Zugriff, Verlust oder Zerst\u00f6rung zu sch\u00fctzen.<\/p><p><strong>10. Kekse<\/strong><\/p><p>Unsere Website verwendet Cookies, um die Benutzerfreundlichkeit zu verbessern und den Websiteverkehr zu analysieren. Sie k\u00f6nnen die Cookie-Pr\u00e4ferenzen \u00fcber Ihre Browsereinstellungen verwalten.<\/p><p><strong>11. \u00c4nderungen der Datenschutzrichtlinie<\/strong><\/p><p>Wir behalten uns das Recht vor, diese Datenschutzrichtlinie jederzeit zu aktualisieren. Die neueste Version wird immer auf unserer Website verf\u00fcgbar sein.<\/p><p><strong>12. Kontaktinformationen<\/strong><\/p><p>Wenn Sie Fragen zu Ihren pers\u00f6nlichen Daten haben, kontaktieren Sie uns bitte unter: E-Mail: info@coolfitness.eu<br \/>Telefon: +48 794 332 294<\/p><\/li><\/ol>\t\t\t\t\t\t\t\t<\/div>\n\t\t\t\t<\/div>\n\t\t\t\t\t<\/div>\n\t\t\t\t<\/div>\n\t\t\t\t<\/div>","protected":false},"excerpt":{"rendered":"<p>Datenschutzrichtlinie 1. Allgemeine Informationen Diese Datenschutzrichtlinie beschreibt, wie Konrad Wi\u015bniewski FITDOG mit Sitz in Wolno\u015bci 21, 59-830 Olszyna, Polen, personenbezogene Daten von Nutzern, die unsere Website (coolfitness.eu) besuchen, sammelt, nutzt und sch\u00fctzt. Wir verpflichten uns, die Privatsph\u00e4re und die Sicherheit Ihrer personenbezogenen Daten gem\u00e4\u00df der Allgemeinen Datenschutzverordnung (GDPR) zu gew\u00e4hrleisten und [...]<\/p>","protected":false},"author":1,"featured_media":0,"parent":0,"menu_order":0,"comment_status":"closed","ping_status":"open","template":"","meta":{"iawp_total_views":25,"footnotes":""},"class_list":["post-3","page","type-page","status-publish","hentry"],"aioseo_notices":[],"jetpack_sharing_enabled":true,"_links":{"self":[{"href":"https:\/\/coolfitness.eu\/de\/wp-json\/wp\/v2\/pages\/3","targetHints":{"allow":["GET"]}}],"collection":[{"href":"https:\/\/coolfitness.eu\/de\/wp-json\/wp\/v2\/pages"}],"about":[{"href":"https:\/\/coolfitness.eu\/de\/wp-json\/wp\/v2\/types\/page"}],"author":[{"embeddable":true,"href":"https:\/\/coolfitness.eu\/de\/wp-json\/wp\/v2\/users\/1"}],"replies":[{"embeddable":true,"href":"https:\/\/coolfitness.eu\/de\/wp-json\/wp\/v2\/comments?post=3"}],"version-history":[{"count":3,"href":"https:\/\/coolfitness.eu\/de\/wp-json\/wp\/v2\/pages\/3\/revisions"}],"predecessor-version":[{"id":17924,"href":"https:\/\/coolfitness.eu\/de\/wp-json\/wp\/v2\/pages\/3\/revisions\/17924"}],"wp:attachment":[{"href":"https:\/\/coolfitness.eu\/de\/wp-json\/wp\/v2\/media?parent=3"}],"curies":[{"name":"wp","href":"https:\/\/api.w.org\/{rel}","templated":true}]}}