{"id":88,"date":"2025-01-12T12:03:01","date_gmt":"2025-01-12T12:03:01","guid":{"rendered":"https:\/\/coolfitness.eu\/?page_id=88"},"modified":"2025-01-20T15:13:26","modified_gmt":"2025-01-20T15:13:26","slug":"delivery","status":"publish","type":"page","link":"https:\/\/coolfitness.eu\/de\/delivery\/","title":{"rendered":"Lieferung"},"content":{"rendered":"<div data-elementor-type=\"wp-page\" data-elementor-id=\"88\" class=\"elementor elementor-88\" data-elementor-post-type=\"page\">\n\t\t\t\t<div class=\"elementor-element elementor-element-f39d409 e-con-full e-flex e-con e-parent\" data-id=\"f39d409\" data-element_type=\"container\" data-e-type=\"container\" data-settings=\"{&quot;background_background&quot;:&quot;classic&quot;,&quot;ekit_has_onepagescroll_dot&quot;:&quot;yes&quot;}\">\n\t\t\t\t<div class=\"elementor-element elementor-element-6292574 elementor-widget elementor-widget-heading\" data-id=\"6292574\" data-element_type=\"widget\" data-e-type=\"widget\" data-settings=\"{&quot;ekit_we_effect_on&quot;:&quot;none&quot;}\" data-widget_type=\"heading.default\">\n\t\t\t\t<div class=\"elementor-widget-container\">\n\t\t\t\t\t<h2 class=\"elementor-heading-title elementor-size-default\">Lieferung<\/h2>\t\t\t\t<\/div>\n\t\t\t\t<\/div>\n\t\t\t\t<\/div>\n\t\t<div class=\"elementor-element elementor-element-595b2b8 e-flex e-con-boxed e-con e-parent\" data-id=\"595b2b8\" data-element_type=\"container\" data-e-type=\"container\" data-settings=\"{&quot;ekit_has_onepagescroll_dot&quot;:&quot;yes&quot;}\">\n\t\t\t\t\t<div class=\"e-con-inner\">\n\t\t<div class=\"elementor-element elementor-element-c5fc3d5 e-con-full e-flex e-con e-child\" data-id=\"c5fc3d5\" data-element_type=\"container\" data-e-type=\"container\" data-settings=\"{&quot;ekit_has_onepagescroll_dot&quot;:&quot;yes&quot;}\">\n\t\t\t\t<div class=\"elementor-element elementor-element-ef87b67 elementor-widget elementor-widget-heading\" data-id=\"ef87b67\" data-element_type=\"widget\" data-e-type=\"widget\" data-settings=\"{&quot;ekit_we_effect_on&quot;:&quot;none&quot;}\" data-widget_type=\"heading.default\">\n\t\t\t\t<div class=\"elementor-widget-container\">\n\t\t\t\t\t<h2 class=\"elementor-heading-title elementor-size-default\"><p><strong>Verf\u00fcgbare Liefermethoden<\/strong><\/h2>\t\t\t\t<\/div>\n\t\t\t\t<\/div>\n\t\t\t\t<div class=\"elementor-element elementor-element-0d961b0 elementor-widget__width-initial elementor-widget elementor-widget-heading\" data-id=\"0d961b0\" data-element_type=\"widget\" data-e-type=\"widget\" data-settings=\"{&quot;ekit_we_effect_on&quot;:&quot;none&quot;}\" data-widget_type=\"heading.default\">\n\t\t\t\t<div class=\"elementor-widget-container\">\n\t\t\t\t\t<h2 class=\"elementor-heading-title elementor-size-default\">1. KURIER (DHL)<\/h2>\t\t\t\t<\/div>\n\t\t\t\t<\/div>\n\t\t\t\t<div class=\"elementor-element elementor-element-7b22f07 elementor-widget__width-initial elementor-widget elementor-widget-text-editor\" data-id=\"7b22f07\" data-element_type=\"widget\" data-e-type=\"widget\" data-settings=\"{&quot;ekit_we_effect_on&quot;:&quot;none&quot;}\" data-widget_type=\"text-editor.default\">\n\t\t\t\t<div class=\"elementor-widget-container\">\n\t\t\t\t\t\t\t\t\t<p>- Die Sendungen werden an allen Werktagen bearbeitet. -<\/p><p>- Die Versandkosten f\u00fcr Inlandssendungen sind auf 5,90 \u20ac brutto festgelegt. -<\/p><p>- Die Kunden erhalten eine SMS-Benachrichtigung. -<\/p><p>- Der Kurier unternimmt zwei Zustellversuche. -<\/p><p>- Kann der Empf\u00e4nger nicht erreicht werden, wird das Paket an einen bestimmten DHL ServicePoint geschickt, wo es 7 Werktage lang zur Abholung bereitsteht. -<\/p><p>- Das maximale Gewicht eines Pakets betr\u00e4gt 30 kg. -<\/p><p>- Kostenlose Lieferung bei einem Bestellwert von mindestens 50,00 \u20ac! -<\/p>\t\t\t\t\t\t\t\t<\/div>\n\t\t\t\t<\/div>\n\t\t\t\t<div class=\"elementor-element elementor-element-cbcc297 elementor-widget__width-inherit elementor-widget elementor-widget-heading\" data-id=\"cbcc297\" data-element_type=\"widget\" data-e-type=\"widget\" data-settings=\"{&quot;ekit_we_effect_on&quot;:&quot;none&quot;}\" data-widget_type=\"heading.default\">\n\t\t\t\t<div class=\"elementor-widget-container\">\n\t\t\t\t\t<h2 class=\"elementor-heading-title elementor-size-default\">2. Paketschlie\u00dff\u00e4cher (DHL Packstation)\n<\/h2>\t\t\t\t<\/div>\n\t\t\t\t<\/div>\n\t\t\t\t<div class=\"elementor-element elementor-element-6c9ef1b elementor-widget__width-initial elementor-widget elementor-widget-text-editor\" data-id=\"6c9ef1b\" data-element_type=\"widget\" data-e-type=\"widget\" data-settings=\"{&quot;ekit_we_effect_on&quot;:&quot;none&quot;}\" data-widget_type=\"text-editor.default\">\n\t\t\t\t<div class=\"elementor-widget-container\">\n\t\t\t\t\t\t\t\t\t<p>- Die Sendungen werden an allen Werktagen bearbeitet. -<\/p>\n<p>- Selbstbedienungs-Paketabholstellen rund um die Uhr verf\u00fcgbar. -<\/p>\n<p>- \u00dcber 8.000 Packstationen in ganz Deutschland. -<\/p>\n<p>- Das maximale Gewicht eines Pakets betr\u00e4gt 20 kg. -<\/p>\n<p>- Die Versandkosten f\u00fcr Inlandssendungen sind auf 4,90 \u20ac brutto festgelegt. -<\/p>\n<p>- Die Kunden erhalten eine Benachrichtigung per SMS oder E-Mail. -<\/p>\n<p>- Kostenlose Lieferung bei einem Bestellwert von mindestens 50,00 \u20ac! -<\/p>\t\t\t\t\t\t\t\t<\/div>\n\t\t\t\t<\/div>\n\t\t\t\t<div class=\"elementor-element elementor-element-d3ec00e elementor-widget__width-inherit elementor-hidden-desktop elementor-hidden-tablet elementor-hidden-mobile elementor-widget elementor-widget-heading\" data-id=\"d3ec00e\" data-element_type=\"widget\" data-e-type=\"widget\" data-settings=\"{&quot;ekit_we_effect_on&quot;:&quot;none&quot;}\" data-widget_type=\"heading.default\">\n\t\t\t\t<div class=\"elementor-widget-container\">\n\t\t\t\t\t<h2 class=\"elementor-heading-title elementor-size-default\">3. Kurier dpd<\/h2>\t\t\t\t<\/div>\n\t\t\t\t<\/div>\n\t\t\t\t<div class=\"elementor-element elementor-element-edd462a elementor-widget__width-initial elementor-hidden-desktop elementor-hidden-tablet elementor-hidden-mobile elementor-widget elementor-widget-text-editor\" data-id=\"edd462a\" data-element_type=\"widget\" data-e-type=\"widget\" data-settings=\"{&quot;ekit_we_effect_on&quot;:&quot;none&quot;}\" data-widget_type=\"text-editor.default\">\n\t\t\t\t<div class=\"elementor-widget-container\">\n\t\t\t\t\t\t\t\t\t<p>- Wysy\u0142ki realizowane we wszystkie dni robocze -<\/p><p>- Maksymalna waga paczki bis 30 kg -<\/p><p>- Koszt dostawy jest sta\u0142y i wynosi 19 z\u0142 brutto (+5 z\u0142 za pobraniem) -<\/p><p><strong>- Darmowa dostawa - przy zam\u00f3wieniu za minimum 199 z\u0142! -<\/strong><\/p>\t\t\t\t\t\t\t\t<\/div>\n\t\t\t\t<\/div>\n\t\t\t\t<\/div>\n\t\t\t\t\t<\/div>\n\t\t\t\t<\/div>\n\t\t\t\t<\/div>","protected":false},"excerpt":{"rendered":"<p>Lieferung Verf\u00fcgbare Liefermethoden 1. KURIER (DHL) - Die Sendungen werden an allen Werktagen bearbeitet. - Die Zustellkosten f\u00fcr Sendungen im Inland sind auf 5,90 \u20ac brutto festgelegt. - Der Kunde erh\u00e4lt eine SMS-Benachrichtigung. - Der Kurier unternimmt zwei Zustellversuche. - Wenn der Empf\u00e4nger nicht erreicht werden kann, wird das Paket [...]<\/p>","protected":false},"author":1,"featured_media":0,"parent":0,"menu_order":0,"comment_status":"closed","ping_status":"closed","template":"","meta":{"iawp_total_views":29,"footnotes":""},"class_list":["post-88","page","type-page","status-publish","hentry"],"aioseo_notices":[],"jetpack_sharing_enabled":true,"_links":{"self":[{"href":"https:\/\/coolfitness.eu\/de\/wp-json\/wp\/v2\/pages\/88","targetHints":{"allow":["GET"]}}],"collection":[{"href":"https:\/\/coolfitness.eu\/de\/wp-json\/wp\/v2\/pages"}],"about":[{"href":"https:\/\/coolfitness.eu\/de\/wp-json\/wp\/v2\/types\/page"}],"author":[{"embeddable":true,"href":"https:\/\/coolfitness.eu\/de\/wp-json\/wp\/v2\/users\/1"}],"replies":[{"embeddable":true,"href":"https:\/\/coolfitness.eu\/de\/wp-json\/wp\/v2\/comments?post=88"}],"version-history":[{"count":23,"href":"https:\/\/coolfitness.eu\/de\/wp-json\/wp\/v2\/pages\/88\/revisions"}],"predecessor-version":[{"id":17788,"href":"https:\/\/coolfitness.eu\/de\/wp-json\/wp\/v2\/pages\/88\/revisions\/17788"}],"wp:attachment":[{"href":"https:\/\/coolfitness.eu\/de\/wp-json\/wp\/v2\/media?parent=88"}],"curies":[{"name":"wp","href":"https:\/\/api.w.org\/{rel}","templated":true}]}}