{"id":16545,"date":"2024-05-18T10:48:52","date_gmt":"2024-05-18T10:48:52","guid":{"rendered":"https:\/\/coolfitness.pl\/?post_type=product&#038;p=16545"},"modified":"2026-04-02T21:21:27","modified_gmt":"2026-04-02T21:21:27","slug":"beaded-jump-rope-pastel-dream","status":"publish","type":"product","link":"https:\/\/coolfitness.eu\/de\/produkt\/beaded-jump-rope-pastel-dream\/","title":{"rendered":"Perlen-Springseil - Pastell-Traum"},"content":{"rendered":"<p><strong>Perlen-Springseil - Pastell-Traum<\/strong><\/p>\n<p>Entdecken Sie eine neue Dimension der Ausbildung mit unserem <strong>Perlenschnur<\/strong> Springseil! Dieses verstellbare 3-Meter-Seil ist auf Komfort und Trainingseffizienz ausgelegt und eignet sich daher f\u00fcr Anf\u00e4nger und Fortgeschrittene gleicherma\u00dfen.<\/p>\n<h4><strong>Wesentliche Merkmale:<\/strong><\/h4>\n<ul>\n<li><strong>Einstellbare L\u00e4nge:<\/strong> Leicht anpassbar an Ihre K\u00f6rpergr\u00f6\u00dfe und Trainingsvorlieben.<\/li>\n<li><strong>Bequeme Griffe:<\/strong> Ergonomische 13 cm lange Griffe sorgen f\u00fcr einen sicheren Halt und Komfort bei intensiven Trainingseinheiten.<\/li>\n<li><strong>Langlebige Perlen:<\/strong> Ausgestattet mit 2,5 cm dicken Perlen f\u00fcr eine optimale Gewichtsverteilung und sanfte Bewegungen.<\/li>\n<li><strong>Leichtes Design:<\/strong> Mit einem Gewicht von bis zu 150 g (je nach L\u00e4nge) ist dieses Seil ideal f\u00fcr Ausdauer- und Geschwindigkeitstraining.<\/li>\n<\/ul>\n<h3><\/h3>\n<h4><strong>Vorteile:<\/strong><\/h4>\n<ul>\n<li><strong>Vielseitigkeit:<\/strong> Perfekt f\u00fcr verschiedene Arten von Training, einschlie\u00dflich CrossFit, Boxen, Fitness und Cardio.<\/li>\n<li><strong>Anpassbar:<\/strong> Dank der verstellbaren L\u00e4nge eignet er sich f\u00fcr Benutzer aller K\u00f6rpergr\u00f6\u00dfen und ist somit eine gute Wahl f\u00fcr die ganze Familie.<\/li>\n<li><strong>Langlebigkeit:<\/strong> Hochwertige Materialien sorgen f\u00fcr eine lange Lebensdauer, auch bei intensiver Nutzung.<\/li>\n<\/ul>\n<h3><\/h3>\n<h4><strong>Warum unser Perlen-Springseil w\u00e4hlen?<\/strong><\/h4>\n<p>Die <strong>Perlenschnur<\/strong> Springseil kombiniert Funktionalit\u00e4t und Komfort, um Ihr Training zu verbessern. Egal, ob Sie ein Anf\u00e4nger oder ein erfahrener Sportler sind, dieses Springseil wird Ihnen helfen, Ihre Fitnessziele effizient und mit Spa\u00df zu erreichen.<\/p>","protected":false},"excerpt":{"rendered":"<p><strong>Perlen-Springseil - Pastell-Traum<\/strong><\/p>\n<p>Entdecken Sie eine neue Dimension der Ausbildung mit unserem <strong>Perlenschnur<\/strong> Springseil! Dieses verstellbare 3-Meter-Seil ist auf Komfort und Trainingseffizienz ausgelegt und eignet sich daher f\u00fcr Anf\u00e4nger und Fortgeschrittene gleicherma\u00dfen.<\/p>","protected":false},"featured_media":17355,"comment_status":"open","ping_status":"closed","template":"","meta":{"iawp_total_views":598},"product_brand":[],"product_cat":[23],"product_tag":[],"class_list":{"0":"post-16545","1":"product","2":"type-product","3":"status-publish","4":"has-post-thumbnail","6":"product_cat-beaded-ropes","8":"first","9":"instock","10":"shipping-taxable","11":"purchasable","12":"product-type-simple"},"aioseo_notices":[],"jetpack_sharing_enabled":true,"_links":{"self":[{"href":"https:\/\/coolfitness.eu\/de\/wp-json\/wp\/v2\/product\/16545","targetHints":{"allow":["GET"]}}],"collection":[{"href":"https:\/\/coolfitness.eu\/de\/wp-json\/wp\/v2\/product"}],"about":[{"href":"https:\/\/coolfitness.eu\/de\/wp-json\/wp\/v2\/types\/product"}],"replies":[{"embeddable":true,"href":"https:\/\/coolfitness.eu\/de\/wp-json\/wp\/v2\/comments?post=16545"}],"wp:featuredmedia":[{"embeddable":true,"href":"https:\/\/coolfitness.eu\/de\/wp-json\/wp\/v2\/media\/17355"}],"wp:attachment":[{"href":"https:\/\/coolfitness.eu\/de\/wp-json\/wp\/v2\/media?parent=16545"}],"wp:term":[{"taxonomy":"product_brand","embeddable":true,"href":"https:\/\/coolfitness.eu\/de\/wp-json\/wp\/v2\/product_brand?post=16545"},{"taxonomy":"product_cat","embeddable":true,"href":"https:\/\/coolfitness.eu\/de\/wp-json\/wp\/v2\/product_cat?post=16545"},{"taxonomy":"product_tag","embeddable":true,"href":"https:\/\/coolfitness.eu\/de\/wp-json\/wp\/v2\/product_tag?post=16545"}],"curies":[{"name":"wp","href":"https:\/\/api.w.org\/{rel}","templated":true}]}}