{"id":16631,"date":"2024-05-19T07:42:47","date_gmt":"2024-05-19T07:42:47","guid":{"rendered":"https:\/\/coolfitness.pl\/?post_type=product&#038;p=16631"},"modified":"2025-01-29T18:31:49","modified_gmt":"2025-01-29T18:31:49","slug":"just-jump-it-t-shirt-2","status":"publish","type":"product","link":"https:\/\/coolfitness.eu\/de\/produkt\/just-jump-it-t-shirt-2\/","title":{"rendered":"Just Jump It T-Shirt [2]"},"content":{"rendered":"<div class=\"flex-shrink-0 flex flex-col relative items-end\">\n<div>\n<div class=\"pt-0\">\n<div class=\"gizmo-bot-avatar flex h-8 w-8 items-center justify-center overflow-hidden rounded-full\">\n<div class=\"relative p-1 rounded-sm flex items-center justify-center bg-token-main-surface-primary text-token-text-primary h-8 w-8\">\n<div class=\"flex-shrink-0 flex flex-col relative items-end\">\n<div>\n<div class=\"pt-0\">\n<div class=\"gizmo-bot-avatar flex h-8 w-8 items-center justify-center overflow-hidden rounded-full\">\n<div class=\"relative p-1 rounded-sm flex items-center justify-center bg-token-main-surface-primary text-token-text-primary h-8 w-8\"><strong>Strapazierf\u00e4higes T-Shirt mit einzigartigem Aufdruck f\u00fcr Springseil-Fans<\/strong><\/div>\n<\/div>\n<\/div>\n<\/div>\n<\/div>\n<div class=\"group\/conversation-turn relative flex w-full min-w-0 flex-col agent-turn\">\n<div class=\"flex-col gap-1 md:gap-3\">\n<div class=\"flex max-w-full flex-col flex-grow\">\n<div class=\"min-h-8 text-message flex w-full flex-col items-end gap-2 whitespace-normal break-words text-start [.text-message+&amp;]:mt-5\" dir=\"auto\" data-message-author-role=\"assistant\" data-message-id=\"4353013e-2d41-4b50-8d7d-ee672f9896ef\" data-message-model-slug=\"gpt-4o\">\n<div class=\"flex w-full flex-col gap-1 empty:hidden first:pt-[3px]\">\n<div class=\"markdown prose w-full break-words dark:prose-invert light\">\n<p>Unser T-Shirt ist aus einer weichen, ringgesponnenen Baumwollmischung gefertigt, die f\u00fcr Komfort und Haltbarkeit sorgt. Es ist perfekt f\u00fcr Springseil-Enthusiasten, die ihre Leidenschaft stilvoll zur Schau stellen wollen!<\/p>\n<ul>\n<li><strong>Grafische Gestaltung:<\/strong> Einfach springen<\/li>\n<li><strong>Passen:<\/strong> Herren-T-Shirt<\/li>\n<li><strong>Material:<\/strong> 100% gek\u00e4mmte, ringgesponnene Baumwolle<\/li>\n<li><strong>Merkmale:<\/strong>\n<ul>\n<li>Ausschnittbesatz aus Baumwolle\/Lycra-Gemisch f\u00fcr zus\u00e4tzlichen Komfort<\/li>\n<li>Doppelt gen\u00e4hte N\u00e4hte f\u00fcr zus\u00e4tzliche Haltbarkeit<\/li>\n<li>Verst\u00e4rktes Schulterband f\u00fcr bessere Formbest\u00e4ndigkeit<\/li>\n<\/ul>\n<\/li>\n<\/ul>\n<\/div>\n<\/div>\n<\/div>\n<\/div>\n<\/div>\n<\/div>\n<p><a href=\"https:\/\/coolfitness.eu\/wp-content\/uploads\/2025\/01\/T-shirts-Sizes.webp\"><img decoding=\"async\" class=\"alignnone wp-image-17806\" src=\"https:\/\/coolfitness.eu\/wp-content\/uploads\/2025\/01\/T-shirts-Sizes-300x120.webp\" alt=\"\" width=\"343\" height=\"137\" srcset=\"https:\/\/coolfitness.eu\/wp-content\/uploads\/2025\/01\/T-shirts-Sizes-300x120.webp 300w, https:\/\/coolfitness.eu\/wp-content\/uploads\/2025\/01\/T-shirts-Sizes-768x307.webp 768w, https:\/\/coolfitness.eu\/wp-content\/uploads\/2025\/01\/T-shirts-Sizes-450x180.webp 450w, https:\/\/coolfitness.eu\/wp-content\/uploads\/2025\/01\/T-shirts-Sizes-800x320.webp 800w, https:\/\/coolfitness.eu\/wp-content\/uploads\/2025\/01\/T-shirts-Sizes.webp 850w\" sizes=\"(max-width: 343px) 100vw, 343px\" \/><\/a><\/p>\n<p>&nbsp;<\/p>\n<\/div>\n<\/div>\n<\/div>\n<\/div>\n<\/div>","protected":false},"excerpt":{"rendered":"<div class=\"flex-shrink-0 flex flex-col relative items-end\">\n<div>\n<div class=\"pt-0\">\n<div class=\"gizmo-bot-avatar flex h-8 w-8 items-center justify-center overflow-hidden rounded-full\">\n<div class=\"relative p-1 rounded-sm flex items-center justify-center bg-token-main-surface-primary text-token-text-primary h-8 w-8\"><strong>Strapazierf\u00e4higes T-Shirt mit einzigartigem Aufdruck f\u00fcr Springseil-Fans<\/strong><\/div>\n<\/div>\n<\/div>\n<\/div>\n<\/div>\n<div class=\"group\/conversation-turn relative flex w-full min-w-0 flex-col agent-turn\">\n<div class=\"flex-col gap-1 md:gap-3\">\n<div class=\"flex max-w-full flex-col flex-grow\">\n<div class=\"min-h-8 text-message flex w-full flex-col items-end gap-2 whitespace-normal break-words text-start [.text-message+&amp;]:mt-5\" dir=\"auto\" data-message-author-role=\"assistant\" data-message-id=\"4353013e-2d41-4b50-8d7d-ee672f9896ef\" data-message-model-slug=\"gpt-4o\">\n<div class=\"flex w-full flex-col gap-1 empty:hidden first:pt-[3px]\">\n<div class=\"markdown prose w-full break-words dark:prose-invert light\">\n<p>Unser T-Shirt ist aus einer weichen, ringgesponnenen Baumwollmischung gefertigt, die f\u00fcr Komfort und Haltbarkeit sorgt. Es ist perfekt f\u00fcr Springseil-Enthusiasten, die ihre Leidenschaft stilvoll zur Schau stellen wollen!<\/p>\n<\/div>\n<\/div>\n<\/div>\n<\/div>\n<\/div>\n<\/div>","protected":false},"featured_media":16587,"comment_status":"open","ping_status":"closed","template":"","meta":{"iawp_total_views":51},"product_brand":[],"product_cat":[27],"product_tag":[],"class_list":{"0":"post-16631","1":"product","2":"type-product","3":"status-publish","4":"has-post-thumbnail","6":"product_cat-t-shirts","8":"first","9":"instock","10":"shipping-taxable","11":"purchasable","12":"product-type-variable"},"aioseo_notices":[],"jetpack_sharing_enabled":true,"_links":{"self":[{"href":"https:\/\/coolfitness.eu\/de\/wp-json\/wp\/v2\/product\/16631","targetHints":{"allow":["GET"]}}],"collection":[{"href":"https:\/\/coolfitness.eu\/de\/wp-json\/wp\/v2\/product"}],"about":[{"href":"https:\/\/coolfitness.eu\/de\/wp-json\/wp\/v2\/types\/product"}],"replies":[{"embeddable":true,"href":"https:\/\/coolfitness.eu\/de\/wp-json\/wp\/v2\/comments?post=16631"}],"wp:featuredmedia":[{"embeddable":true,"href":"https:\/\/coolfitness.eu\/de\/wp-json\/wp\/v2\/media\/16587"}],"wp:attachment":[{"href":"https:\/\/coolfitness.eu\/de\/wp-json\/wp\/v2\/media?parent=16631"}],"wp:term":[{"taxonomy":"product_brand","embeddable":true,"href":"https:\/\/coolfitness.eu\/de\/wp-json\/wp\/v2\/product_brand?post=16631"},{"taxonomy":"product_cat","embeddable":true,"href":"https:\/\/coolfitness.eu\/de\/wp-json\/wp\/v2\/product_cat?post=16631"},{"taxonomy":"product_tag","embeddable":true,"href":"https:\/\/coolfitness.eu\/de\/wp-json\/wp\/v2\/product_tag?post=16631"}],"curies":[{"name":"wp","href":"https:\/\/api.w.org\/{rel}","templated":true}]}}