{"id":16962,"date":"2024-06-06T15:57:12","date_gmt":"2024-06-06T15:57:12","guid":{"rendered":"https:\/\/coolfitness.pl\/?post_type=product&#038;p=16962"},"modified":"2025-01-29T18:31:20","modified_gmt":"2025-01-29T18:31:20","slug":"jump-rope-for-kids-yellow","status":"publish","type":"product","link":"https:\/\/coolfitness.eu\/de\/produkt\/jump-rope-for-kids-yellow\/","title":{"rendered":"Springseil f\u00fcr Kinder - Gelb"},"content":{"rendered":"<p><strong>Springseil f\u00fcr Kinder - Gelb<\/strong><\/p>\n<p>Unser PVC-Springseil f\u00fcr Kinder ist eine ausgezeichnete Wahl f\u00fcr die J\u00fcngsten, die ihre Zeit aktiv verbringen und ihre Fitness und Koordination verbessern wollen. Dieses Springseil ist aus hochwertigen Materialien gefertigt und garantiert Langlebigkeit, Komfort und Sicherheit beim Spielen.<\/p>\n<p><strong><br \/>\n<\/strong><br \/>\nUnser PVC-Springseil f\u00fcr Kinder ist eine ausgezeichnete Wahl f\u00fcr die J\u00fcngsten, die ihre Zeit aktiv verbringen und ihre Fitness und Koordination verbessern wollen. Dieses Springseil ist aus hochwertigen Materialien gefertigt und garantiert Langlebigkeit, Komfort und Sicherheit beim Spielen.<\/p>\n<p><strong>Material:<\/strong> Das Springseilkabel ist aus strapazierf\u00e4higem PVC gefertigt, das eine ausgezeichnete Flexibilit\u00e4t und Widerstandsf\u00e4higkeit gegen Besch\u00e4digungen bietet. Die Griffe sind aus rutschfestem ABS-Material gefertigt.<br \/>\n<strong>L\u00e4nge:<\/strong> Das Springseil hat eine Gesamtl\u00e4nge von 2,8 Metern und l\u00e4sst sich somit leicht an die K\u00f6rpergr\u00f6\u00dfe Ihres Kindes anpassen. Das verstellbare Design erm\u00f6glicht es Ihnen, das Seil m\u00fchelos zu verk\u00fcrzen, um es perfekt an die Bed\u00fcrfnisse Ihres Kindes anzupassen.<br \/>\n<strong>Die Dicke:<\/strong> Das Kabel hat eine Dicke von 3 mm, ideal f\u00fcr Kinder, da es leicht zu greifen und zu kontrollieren ist.<br \/>\n<strong>Gewicht:<\/strong> Das Gesamtgewicht des Springseils betr\u00e4gt bis zu 65 Gramm bei maximaler L\u00e4nge, wodurch es leicht und bequem f\u00fcr Kinder zu benutzen ist. Seine leichte Konstruktion erm\u00f6glicht einfache und reibungslose Bewegungen, die ein sicheres und angenehmes Spiel gew\u00e4hrleisten.<br \/>\n<strong>Anpassung:<\/strong> Ein einfaches Verstellsystem erm\u00f6glicht eine schnelle und problemlose Anpassung der L\u00e4nge des Springseils, so dass es f\u00fcr Kinder unterschiedlichen Alters und unterschiedlicher K\u00f6rpergr\u00f6\u00dfe geeignet ist.<br \/>\n<strong>Ergonomie:<\/strong> Die Griffe des Springseils wurden mit Blick auf maximalen Komfort entwickelt. Ihre ergonomische Form und die rutschfeste Oberfl\u00e4che sorgen f\u00fcr einen sicheren Halt, auch bei intensivem Spiel.<\/p>\n<p><strong>Vorteile:<\/strong><\/p>\n<ul>\n<li>Strapazierf\u00e4higes PVC mit einem Nylonkern sorgt f\u00fcr Langlebigkeit.<\/li>\n<li>Einfache L\u00e4ngenverstellung bis zu 2,8 Meter.<\/li>\n<li>Leichtes Design (bis zu 65 g), ideal f\u00fcr Kinder.<\/li>\n<li>Ergonomische, rutschfeste Griffe f\u00fcr Komfort und Sicherheit.<\/li>\n<\/ul>\n<p><strong>Perfekt f\u00fcr:<\/strong><\/p>\n<ul>\n<li>Spa\u00df im Freien<\/li>\n<li>Verbesserung der k\u00f6rperlichen Fitness<\/li>\n<li>Verbesserung der motorischen Koordination<\/li>\n<li>Aktive Unterhaltung<\/li>\n<\/ul>\n<p><strong>Zusammenfassung:<\/strong><br \/>\nDas PVC-Springseil f\u00fcr Kinder ist ein hervorragendes Hilfsmittel f\u00fcr aktives Spielen, das zur Verbesserung der Fitness und der motorischen Koordination beitr\u00e4gt. Mit seinen hochwertigen Materialien, der verstellbaren L\u00e4nge und dem leichten Design erf\u00fcllt dieses Produkt die Erwartungen von Kindern und Eltern gleicherma\u00dfen. Legen Sie es in Ihren Warenkorb und ermutigen Sie Ihr Kind zu gesundem und aktivem Spa\u00df!<\/p>","protected":false},"excerpt":{"rendered":"<h4><strong>Springseil f\u00fcr Kinder - Gelb<br \/>\n<\/strong><\/h4>\n<p>Unser PVC-Springseil f\u00fcr Kinder ist eine ausgezeichnete Wahl f\u00fcr die J\u00fcngsten, die ihre Zeit aktiv verbringen und ihre Fitness und Koordination verbessern wollen. Dieses Springseil ist aus hochwertigen Materialien gefertigt und garantiert Langlebigkeit, Komfort und Sicherheit beim Spielen.<\/p>","protected":false},"featured_media":16966,"comment_status":"open","ping_status":"closed","template":"","meta":{"iawp_total_views":53},"product_brand":[],"product_cat":[34],"product_tag":[],"class_list":{"0":"post-16962","1":"product","2":"type-product","3":"status-publish","4":"has-post-thumbnail","6":"product_cat-kids-ropes","8":"first","9":"instock","10":"shipping-taxable","11":"purchasable","12":"product-type-simple"},"aioseo_notices":[],"jetpack_sharing_enabled":true,"_links":{"self":[{"href":"https:\/\/coolfitness.eu\/de\/wp-json\/wp\/v2\/product\/16962","targetHints":{"allow":["GET"]}}],"collection":[{"href":"https:\/\/coolfitness.eu\/de\/wp-json\/wp\/v2\/product"}],"about":[{"href":"https:\/\/coolfitness.eu\/de\/wp-json\/wp\/v2\/types\/product"}],"replies":[{"embeddable":true,"href":"https:\/\/coolfitness.eu\/de\/wp-json\/wp\/v2\/comments?post=16962"}],"wp:featuredmedia":[{"embeddable":true,"href":"https:\/\/coolfitness.eu\/de\/wp-json\/wp\/v2\/media\/16966"}],"wp:attachment":[{"href":"https:\/\/coolfitness.eu\/de\/wp-json\/wp\/v2\/media?parent=16962"}],"wp:term":[{"taxonomy":"product_brand","embeddable":true,"href":"https:\/\/coolfitness.eu\/de\/wp-json\/wp\/v2\/product_brand?post=16962"},{"taxonomy":"product_cat","embeddable":true,"href":"https:\/\/coolfitness.eu\/de\/wp-json\/wp\/v2\/product_cat?post=16962"},{"taxonomy":"product_tag","embeddable":true,"href":"https:\/\/coolfitness.eu\/de\/wp-json\/wp\/v2\/product_tag?post=16962"}],"curies":[{"name":"wp","href":"https:\/\/api.w.org\/{rel}","templated":true}]}}