{"id":17353,"date":"2024-12-10T16:49:21","date_gmt":"2024-12-10T16:49:21","guid":{"rendered":"https:\/\/coolfitness.pl\/?post_type=product&#038;p=17239"},"modified":"2025-06-26T12:47:45","modified_gmt":"2025-06-26T12:47:45","slug":"speed-jump-rope-pvc-pink","status":"publish","type":"product","link":"https:\/\/coolfitness.eu\/de\/produkt\/speed-jump-rope-pvc-pink\/","title":{"rendered":"Speed-Springseil (PVC) - Rosa"},"content":{"rendered":"<p><strong>Speed-Springseil (PVC) - Rosa<\/strong><\/p>\n<p>Unser PVC-Speed-Springseil ist die perfekte Wahl f\u00fcr alle, die ein effektives Werkzeug f\u00fcr das Kardiotraining, die Verbesserung der Fitness und die Verbesserung der Koordination suchen. Dieses Springseil ist aus hochwertigen Materialien gefertigt und garantiert Langlebigkeit und Komfort bei der Verwendung.<\/p>\n<p><strong>Material:<\/strong> Das Springseilkabel ist aus strapazierf\u00e4higem PVC gefertigt, das eine ausgezeichnete Flexibilit\u00e4t und Widerstandsf\u00e4higkeit gegen Besch\u00e4digungen bietet. Es verf\u00fcgt \u00fcber einen Nylonkern, der die Haltbarkeit und Stabilit\u00e4t bei intensiven Trainingseinheiten erh\u00f6ht.<br \/>\n<strong>L\u00e4nge:<\/strong> Das Springseil hat eine Gesamtl\u00e4nge von 3 Metern, so dass Sie es leicht an Ihre K\u00f6rpergr\u00f6\u00dfe anpassen k\u00f6nnen. Mit seinem verstellbaren Design k\u00f6nnen Sie das Seil m\u00fchelos verk\u00fcrzen, um es perfekt an Ihre Bed\u00fcrfnisse anzupassen.<br \/>\n<strong>Die Dicke:<\/strong> Das Kabel hat eine Dicke von 5 mm und sorgt f\u00fcr schnelle und reibungslose Bewegungen. Im Vergleich zu 6 mm dicken Seilen ist das d\u00fcnnere Kabel leichter und erm\u00f6glicht so ein schnelleres und effizienteres Training mit Fokus auf Geschwindigkeit.<br \/>\n<strong>Gewicht:<\/strong> Das Gesamtgewicht des Springseils betr\u00e4gt bis zu 105 Gramm, je nach eingestellter L\u00e4nge. Sein geringes Gewicht erm\u00f6glicht schnelle und fl\u00fcssige Bewegungen, die f\u00fcr das Schnelligkeitstraining entscheidend sind.<br \/>\n<strong>Anpassung:<\/strong> Ein einfaches Verstellsystem erm\u00f6glicht eine schnelle und problemlose Anpassung der L\u00e4nge des Springseils, wodurch es sowohl f\u00fcr Anf\u00e4nger als auch f\u00fcr Fortgeschrittene ideal ist.<br \/>\n<strong>Ergonomie:<\/strong> Die Griffe des Springseils sind f\u00fcr maximalen Komfort ausgelegt. Ihre ergonomische Form und die rutschfeste Oberfl\u00e4che sorgen f\u00fcr einen sicheren Halt, auch bei intensiven Trainingseinheiten.<\/p>\n<p><strong>Vorteile:<\/strong><\/p>\n<ul>\n<li>Strapazierf\u00e4higes PVC mit einem Nylonkern sorgt f\u00fcr Langlebigkeit.<\/li>\n<li>Einfache L\u00e4ngenverstellung bis zu 3 Metern.<\/li>\n<li>Das geringe Gewicht (bis zu 105 g) sorgt f\u00fcr Geschwindigkeit und reibungslose Bewegung.<\/li>\n<li>Ergonomische und rutschfeste Griffe f\u00fcr Komfort und Sicherheit.<\/li>\n<\/ul>\n<p><strong>Perfekt f\u00fcr:<\/strong><\/p>\n<ul>\n<li>Geschwindigkeitstraining<\/li>\n<li>Verbesserung der k\u00f6rperlichen Fitness<\/li>\n<li>Verbesserung der motorischen Koordination<\/li>\n<li>Kardio-\u00dcbungen<\/li>\n<\/ul>\n<p><strong>Zusammenfassung:<\/strong><br \/>\nDas PVC-Speed-Springseil mit Nylonkern ist ein hervorragendes Ger\u00e4t f\u00fcr alle, die ihre Fitness und Koordination effektiv verbessern wollen. Mit seinen hochwertigen Materialien, der verstellbaren L\u00e4nge und dem leichten Design erf\u00fcllt dieses Produkt die Erwartungen selbst der anspruchsvollsten Nutzer. Legen Sie es in Ihren Einkaufswagen und bringen Sie Ihr Training auf die n\u00e4chste Stufe!<\/p>","protected":false},"excerpt":{"rendered":"<p><strong>Speed-Springseil (PVC) - Rosa<\/strong><\/p>\n<p>Unser PVC-Speed-Springseil ist die perfekte Wahl f\u00fcr alle, die ein effektives Werkzeug f\u00fcr das Kardiotraining, die Verbesserung der Fitness und die Verbesserung der Koordination suchen. Dieses Springseil ist aus hochwertigen Materialien gefertigt und garantiert Langlebigkeit und Komfort bei der Verwendung.<\/p>","protected":false},"featured_media":17356,"comment_status":"open","ping_status":"closed","template":"","meta":{"iawp_total_views":90},"product_brand":[],"product_cat":[33],"product_tag":[],"class_list":{"0":"post-17353","1":"product","2":"type-product","3":"status-publish","4":"has-post-thumbnail","6":"product_cat-speed-ropes","8":"first","9":"instock","10":"shipping-taxable","11":"purchasable","12":"product-type-simple"},"aioseo_notices":[],"jetpack_sharing_enabled":true,"_links":{"self":[{"href":"https:\/\/coolfitness.eu\/de\/wp-json\/wp\/v2\/product\/17353","targetHints":{"allow":["GET"]}}],"collection":[{"href":"https:\/\/coolfitness.eu\/de\/wp-json\/wp\/v2\/product"}],"about":[{"href":"https:\/\/coolfitness.eu\/de\/wp-json\/wp\/v2\/types\/product"}],"replies":[{"embeddable":true,"href":"https:\/\/coolfitness.eu\/de\/wp-json\/wp\/v2\/comments?post=17353"}],"wp:featuredmedia":[{"embeddable":true,"href":"https:\/\/coolfitness.eu\/de\/wp-json\/wp\/v2\/media\/17356"}],"wp:attachment":[{"href":"https:\/\/coolfitness.eu\/de\/wp-json\/wp\/v2\/media?parent=17353"}],"wp:term":[{"taxonomy":"product_brand","embeddable":true,"href":"https:\/\/coolfitness.eu\/de\/wp-json\/wp\/v2\/product_brand?post=17353"},{"taxonomy":"product_cat","embeddable":true,"href":"https:\/\/coolfitness.eu\/de\/wp-json\/wp\/v2\/product_cat?post=17353"},{"taxonomy":"product_tag","embeddable":true,"href":"https:\/\/coolfitness.eu\/de\/wp-json\/wp\/v2\/product_tag?post=17353"}],"curies":[{"name":"wp","href":"https:\/\/api.w.org\/{rel}","templated":true}]}}